{"id":2345,"date":"2020-07-29T12:35:40","date_gmt":"2020-07-29T10:35:40","guid":{"rendered":"https:\/\/www.castillodelamota.es\/cookies\/"},"modified":"2020-07-29T12:35:41","modified_gmt":"2020-07-29T10:35:41","slug":"cookies","status":"publish","type":"page","link":"https:\/\/www.castillodelamota.es\/fr\/cookies\/","title":{"rendered":"Cookies"},"content":{"rendered":"<p>[et_pb_section bb_built=&#8221;1&#8243; inner_width=&#8221;auto&#8221; inner_max_width=&#8221;1080px&#8221;][et_pb_row][et_pb_column type=&#8221;4_4&#8243; custom_padding__hover=&#8221;|||&#8221; custom_padding=&#8221;|||&#8221;][et_pb_text _builder_version=&#8221;4.2.2&#8243; text_text_shadow_horizontal_length=&#8221;text_text_shadow_style,%91object Object%93&#8243; text_text_shadow_horizontal_length_tablet=&#8221;0px&#8221; text_text_shadow_vertical_length=&#8221;text_text_shadow_style,%91object Object%93&#8243; text_text_shadow_vertical_length_tablet=&#8221;0px&#8221; text_text_shadow_blur_strength=&#8221;text_text_shadow_style,%91object Object%93&#8243; text_text_shadow_blur_strength_tablet=&#8221;1px&#8221; link_text_shadow_horizontal_length=&#8221;link_text_shadow_style,%91object Object%93&#8243; link_text_shadow_horizontal_length_tablet=&#8221;0px&#8221; link_text_shadow_vertical_length=&#8221;link_text_shadow_style,%91object Object%93&#8243; link_text_shadow_vertical_length_tablet=&#8221;0px&#8221; link_text_shadow_blur_strength=&#8221;link_text_shadow_style,%91object Object%93&#8243; link_text_shadow_blur_strength_tablet=&#8221;1px&#8221; ul_text_shadow_horizontal_length=&#8221;ul_text_shadow_style,%91object Object%93&#8243; ul_text_shadow_horizontal_length_tablet=&#8221;0px&#8221; ul_text_shadow_vertical_length=&#8221;ul_text_shadow_style,%91object Object%93&#8243; ul_text_shadow_vertical_length_tablet=&#8221;0px&#8221; ul_text_shadow_blur_strength=&#8221;ul_text_shadow_style,%91object Object%93&#8243; ul_text_shadow_blur_strength_tablet=&#8221;1px&#8221; ol_text_shadow_horizontal_length=&#8221;ol_text_shadow_style,%91object Object%93&#8243; ol_text_shadow_horizontal_length_tablet=&#8221;0px&#8221; ol_text_shadow_vertical_length=&#8221;ol_text_shadow_style,%91object Object%93&#8243; ol_text_shadow_vertical_length_tablet=&#8221;0px&#8221; ol_text_shadow_blur_strength=&#8221;ol_text_shadow_style,%91object Object%93&#8243; ol_text_shadow_blur_strength_tablet=&#8221;1px&#8221; quote_text_shadow_horizontal_length=&#8221;quote_text_shadow_style,%91object Object%93&#8243; quote_text_shadow_horizontal_length_tablet=&#8221;0px&#8221; quote_text_shadow_vertical_length=&#8221;quote_text_shadow_style,%91object Object%93&#8243; quote_text_shadow_vertical_length_tablet=&#8221;0px&#8221; quote_text_shadow_blur_strength=&#8221;quote_text_shadow_style,%91object Object%93&#8243; quote_text_shadow_blur_strength_tablet=&#8221;1px&#8221; header_text_shadow_horizontal_length=&#8221;header_text_shadow_style,%91object Object%93&#8243; header_text_shadow_horizontal_length_tablet=&#8221;0px&#8221; header_text_shadow_vertical_length=&#8221;header_text_shadow_style,%91object Object%93&#8243; header_text_shadow_vertical_length_tablet=&#8221;0px&#8221; header_text_shadow_blur_strength=&#8221;header_text_shadow_style,%91object Object%93&#8243; header_text_shadow_blur_strength_tablet=&#8221;1px&#8221; header_2_text_shadow_horizontal_length=&#8221;header_2_text_shadow_style,%91object Object%93&#8243; header_2_text_shadow_horizontal_length_tablet=&#8221;0px&#8221; header_2_text_shadow_vertical_length=&#8221;header_2_text_shadow_style,%91object Object%93&#8243; header_2_text_shadow_vertical_length_tablet=&#8221;0px&#8221; header_2_text_shadow_blur_strength=&#8221;header_2_text_shadow_style,%91object Object%93&#8243; header_2_text_shadow_blur_strength_tablet=&#8221;1px&#8221; header_3_text_shadow_horizontal_length=&#8221;header_3_text_shadow_style,%91object Object%93&#8243; header_3_text_shadow_horizontal_length_tablet=&#8221;0px&#8221; header_3_text_shadow_vertical_length=&#8221;header_3_text_shadow_style,%91object Object%93&#8243; header_3_text_shadow_vertical_length_tablet=&#8221;0px&#8221; header_3_text_shadow_blur_strength=&#8221;header_3_text_shadow_style,%91object Object%93&#8243; header_3_text_shadow_blur_strength_tablet=&#8221;1px&#8221; header_4_text_shadow_horizontal_length=&#8221;header_4_text_shadow_style,%91object Object%93&#8243; header_4_text_shadow_horizontal_length_tablet=&#8221;0px&#8221; header_4_text_shadow_vertical_length=&#8221;header_4_text_shadow_style,%91object Object%93&#8243; header_4_text_shadow_vertical_length_tablet=&#8221;0px&#8221; header_4_text_shadow_blur_strength=&#8221;header_4_text_shadow_style,%91object Object%93&#8243; header_4_text_shadow_blur_strength_tablet=&#8221;1px&#8221; header_5_text_shadow_horizontal_length=&#8221;header_5_text_shadow_style,%91object Object%93&#8243; header_5_text_shadow_horizontal_length_tablet=&#8221;0px&#8221; header_5_text_shadow_vertical_length=&#8221;header_5_text_shadow_style,%91object Object%93&#8243; header_5_text_shadow_vertical_length_tablet=&#8221;0px&#8221; header_5_text_shadow_blur_strength=&#8221;header_5_text_shadow_style,%91object Object%93&#8243; header_5_text_shadow_blur_strength_tablet=&#8221;1px&#8221; header_6_text_shadow_horizontal_length=&#8221;header_6_text_shadow_style,%91object Object%93&#8243; header_6_text_shadow_horizontal_length_tablet=&#8221;0px&#8221; header_6_text_shadow_vertical_length=&#8221;header_6_text_shadow_style,%91object Object%93&#8243; header_6_text_shadow_vertical_length_tablet=&#8221;0px&#8221; header_6_text_shadow_blur_strength=&#8221;header_6_text_shadow_style,%91object Object%93&#8243; header_6_text_shadow_blur_strength_tablet=&#8221;1px&#8221; box_shadow_horizontal_tablet=&#8221;0px&#8221; box_shadow_vertical_tablet=&#8221;0px&#8221; box_shadow_blur_tablet=&#8221;40px&#8221; box_shadow_spread_tablet=&#8221;0px&#8221; z_index_tablet=&#8221;500&#8243; vertical_offset_tablet=&#8221;0&#8243; horizontal_offset_tablet=&#8221;0&#8243;]<\/p>\n<h2 style=\"text-align: center;\">POL\u00cdTICA DE COOKIES<\/h2>\n<p><b>INFORMACI\u00d3N SOBRE COOKIES<\/b><br \/>\nDebido a la entrada en vigor de la referente modificaci\u00f3n de la \u201cLey de Servicios de la Sociedad de la Informaci\u00f3n\u201d (LSSICE) establecida por el Real Decreto 13\/2012, es de obligaci\u00f3n obtener el consentimiento expreso del usuario de todas las p\u00e1ginas web que usan cookies prescindibles, antes de que \u00e9ste navegue por ellas.<\/p>\n<h3>\u00bfQu\u00e9 son la cookies?<\/h3>\n<p>Las cookies y otras tecnolog\u00edas similares tales como local shared objects, flash cookies o p\u00edxeles, son herramientas empleadas por los servidores Web para almacenar y recuperar informaci\u00f3n acerca de sus visitantes, as\u00ed como para ofrecer un correcto funcionamiento del sitio.<br \/>\nMediante el uso de estos dispositivos se permite al servidor Web recordar algunos datos concernientes al usuario, como sus preferencias para la visualizaci\u00f3n de las p\u00e1ginas de ese servidor, nombre y contrase\u00f1a, productos que m\u00e1s le interesan, etc.<\/p>\n<h3>Cookies afectadas por la normativa y cookies exceptuadas<\/h3>\n<p>Seg\u00fan la directiva de la UE, las cookies que requieren el consentimiento informado por parte del usuario son las cookies de anal\u00edtica y las de publicidad y afiliaci\u00f3n, quedando exceptuadas las de car\u00e1cter t\u00e9cnico y las necesarias para el funcionamiento del sitio web o la prestaci\u00f3n de servicios expresamente solicitados por el usuario.<\/p>\n<h3>\u00bfQU\u00c9 TIPOS DE COOKIES EXISTEN?<\/h3>\n<p>Sobre los tipos de cookies, existen cinco grandes grupos:<br \/>\n\u2022 Cookies anal\u00edticas: recogen informaci\u00f3n del uso que se realiza del sitio web.<br \/>\n\u2022 Cookies sociales: son aquellas necesarias para redes sociales externas.<br \/>\n\u2022 Cookies de afiliados: permiten hacer un seguimiento de las visitas procedentes de otras webs, con las que el sitio web establece un contrato de afiliaci\u00f3n (empresas de afiliaci\u00f3n).<br \/>\n\u2022 Cookies de publicidad y comportamentales: recogen informaci\u00f3n sobre las preferencias y elecciones personales del usuario (retargeting).<br \/>\n\u2022 Cookies t\u00e9cnicas y funcionales: son las estrictamente necesarias para el uso del sitio web y para la prestaci\u00f3n del servicio contratado.<\/p>\n<h3>COOKIES QUE SE UTILIZAN EN ESTE SITIO WEB<\/h3>\n<p>\u2022 cdp-cookies-plugin-wp: cookie t\u00e9cnica y estrictamente necesaria que contiene el valor de si se ha aceptado la instalaci\u00f3n de cookies. Caduca en 1 a\u00f1o desde la \u00faltima actualizaci\u00f3n.<br \/>\n\u2022 _ga: Cookie de Google Analytics que habilita la funci\u00f3n de control de visitas \u00fanicas. La primera vez que un usuario entre en el sitio web a trav\u00e9s de un navegador se instalar\u00e1 esta cookie. Cuando este usuario vuelva a entrar en la web con el mismo navegador, la cookie considerar\u00e1 que es el mismo usuario. Solo en el caso de que el usuario cambie de navegador, se considerar\u00e1 otro usuario. Caduca a los 2 a\u00f1os desde la \u00faltima actualizaci\u00f3n.<br \/>\n\u2022 _gat: Esta cookie se asocia con Google Analytics Universal. Se utiliza para restringir la tasa de solicitud, lo que limita la recopilaci\u00f3n de datos en sitios de alto tr\u00e1fico. Expira despu\u00e9s de 10 minutos.<br \/>\n\u2022 _gid: Esta cookie est\u00e1 asociada con Google Analytics Universal. Se utiliza para distinguir a los usuarios. Tiene una duraci\u00f3n de 24 horas.<br \/>\n\u2022 1P-JAR, CONSENT, APISID, HSID,ANID, NID, PREF, SAPISID, SID, SSID: Estas cookies son utilizados por Google para almacenar las preferencias del usuario y la informaci\u00f3n durante la visualizaci\u00f3n de las p\u00e1ginas con los mapas de Google en ellos.<br \/>\n\u2022 SIDCC Esta cookie es utilizada por Google para proveer servicios y extraer informaci\u00f3n an\u00f3nima sobre la navegaci\u00f3n.<br \/>\n\u2022 _utma: cookie de Google Analytics que registra la fecha de la primera y \u00faltima vez que el usuario visti\u00f3 el sitio web. Caduca a los 2 a\u00f1os desde la \u00faltima actualizaci\u00f3n.<br \/>\n\u2022 _utmb: cookie de Google Analytics que registra la hora de llegada a la p\u00e1gina web. Caduca a los 30 minutos desde la \u00faltima actualizaci\u00f3n.<br \/>\n\u2022 _utmc: cookie de Google Analytics utilizada para la interoperabilidad con el c\u00f3digo de seguimiento urchin.js. Se elimina al cerrar el navegador.<br \/>\n\u2022 _utmt: cookie de Google Analytics. Esta cookie se utiliza para procesar el tipo de solicitud pedida por el usuario. Caduca al finalizar la sesi\u00f3n.<br \/>\n\u2022 _utmv: cookie de Google Analytics. Esta cookie se utiliza para segmentar datos demogr\u00e1ficos. Caduca al finalizar la sesi\u00f3n.<br \/>\n\u2022 _utmz: cookie de Google Analytics que almacena la fuente de tr\u00e1fico o una campa\u00f1a para explicar c\u00f3mo el usuario lleg\u00f3 al sitio web. Caduca a los 6 meses desde la \u00faltima actualizaci\u00f3n.<\/p>\n<h3>REVOCACI\u00d3N DEL CONSENTIMIENTO PARA INSTALAR COOKIES COMO ELIMINAR LAS COOKIES DEL NAVEGADOR<\/h3>\n<p><b>Chrome<\/b><br \/>\n\u2022 Selecciona el icono de Herramientas.<br \/>\n\u2022 Haz clic en Configuraci\u00f3n.<br \/>\n\u2022 Haz clic en Mostrar Opciones Avanzadas.<br \/>\n\u2022 En la secci\u00f3n &#8220;Privacidad&#8221; haz clic en Configuraci\u00f3n de contenido.<br \/>\n\u2022 Eliminar cookies: Haz clic en Todas las cookies y los datos de sitios\u2026<br \/>\n\u2022 No permitir que se almacenen cookies.<br \/>\n\u2022 Haz clic en Eliminar datos de navegaci\u00f3n (vaciar la Cach\u00e9).<br \/>\n\u2022 Cierra y reinicia el navegador.<br \/>\nPara m\u00e1s informaci\u00f3n sobre Chrome pulse aqu\u00ed: http:\/\/support.google.com\/chrome\/answer\/95647?hl=es<br \/>\nInternet Explorer.<br \/>\n\u2022 Selecciona Herramientas | Opciones de Internet.<br \/>\n\u2022 Haz clic en la ficha General.<br \/>\n\u2022 En la secci\u00f3n &#8220;Historial de exploraci\u00f3n&#8221;, haz clic en Eliminar el historial de exploraci\u00f3n al salir.<br \/>\n\u2022 Seleccionar Eliminar archivos.<br \/>\n\u2022 Seleccionar Eliminar cookies.<br \/>\n\u2022 Haz clic en Eliminar.<br \/>\n\u2022 Haz clic en Aceptar.<br \/>\n\u2022 Cierra y reinicia el navegador.<br \/>\nPara m\u00e1s informaci\u00f3n sobre Internet Explorer pulse aqu\u00ed: https:\/\/support.microsoft.com\/es-es\/help\/17442\/windows-internet-explorer-delete-manage-cookies<\/p>\n<p><b>Firefox.<\/b><br \/>\n\u2022 Selecciona Firefox | Historial | Limpiar el historial reciente.<br \/>\n\u2022 Al lado de &#8220;Detalles&#8221;, haz clic en la flecha hacia abajo.<br \/>\n\u2022 Selecciona las siguientes casillas de verificaci\u00f3n: Cookies, Cach\u00e9, Inicios de sesi\u00f3n activos.<br \/>\n\u2022 Usando el &#8220;Intervalo de tiempo para borrar&#8221; en el men\u00fa desplegable, selecciona Todo.<br \/>\n\u2022 Haz clic en Borrar ahora.<br \/>\n\u2022 Cierra y reinicia el navegador.<br \/>\nPuede aceptar o rechazar las cookies individualmente en las Preferencias de Firefox, en la secci\u00f3n Historial disponible en Herramientas &gt; Opciones &gt; Privacidad.<br \/>\nPara m\u00e1s informaci\u00f3n sobre Mozilla Firefox pulse aqu\u00ed: https:\/\/www.mozilla.org\/es-ES\/privacy\/websites\/#cookies<\/p>\n<p><b>Safari<\/b><br \/>\n\u2022 Selecciona el icono de Safari \/ Editar | Restaurar Safari.<br \/>\n\u2022 Selecciona las siguientes casillas de verificaci\u00f3n: Borrar el historial, Eliminar todos los datos de sitio web.<br \/>\n\u2022 Haz clic en Restablecer.<br \/>\n\u2022 Cierra y reinicia el navegador.<br \/>\nPara m\u00e1s informaci\u00f3n sobre Safari pulse aqu\u00ed: https:\/\/support.apple.com\/es-es\/guide\/safari\/sfri11471\/11.0\/mac\/10.13<\/p>\n<p><b>Opera<\/b><br \/>\n\u2022 Opciones &#8211; Avanzado &#8211; Cookies.<br \/>\nLas opciones de cookies controlan el modo en que Opera los maneja y por lo tanto su aceptaci\u00f3n o rechazo.<br \/>\nPara m\u00e1s informaci\u00f3n sobre \u00d3pera pulse aqu\u00ed: https:\/\/help.opera.com\/en\/latest\/web-preferences\/#cookies<\/p>\n<p><b>Otros navegadores<\/b><br \/>\nConsulte la documentaci\u00f3n del navegador que tenga instalado.[\/et_pb_text][\/et_pb_column][\/et_pb_row][\/et_pb_section]<\/p>\n","protected":false},"excerpt":{"rendered":"<p><div class=\"et_pb_row et_pb_row_0 et_pb_row_empty\">\n\t\t\t\t\n\t\t\t\t\n\t\t\t\t\n\t\t\t\t\n\t\t\t\t\n\t\t\t<\/div>POL\u00cdTICA DE COOKIES INFORMACI\u00d3N SOBRE COOKIES Debido a la entrada en vigor de la referente modificaci\u00f3n de la \u201cLey de Servicios de la Sociedad de la Informaci\u00f3n\u201d (LSSICE) establecida por el Real Decreto 13\/2012, es de obligaci\u00f3n obtener el consentimiento expreso del usuario de todas las p\u00e1ginas web que usan cookies prescindibles, antes de que [&hellip;]<\/p>\n","protected":false},"author":1,"featured_media":0,"parent":0,"menu_order":0,"comment_status":"closed","ping_status":"closed","template":"","meta":{"_et_pb_use_builder":"on","_et_pb_old_content":"","_et_gb_content_width":"","inline_featured_image":false,"_monsterinsights_skip_tracking":false,"_monsterinsights_sitenote_active":false,"_monsterinsights_sitenote_note":"","_monsterinsights_sitenote_category":0,"footnotes":""},"class_list":["post-2345","page","type-page","status-publish","hentry"],"yoast_head":"<!-- This site is optimized with the Yoast SEO plugin v27.4 - https:\/\/yoast.com\/product\/yoast-seo-wordpress\/ -->\n<title>Cookies - Castillo de la Mota<\/title>\n<meta name=\"robots\" content=\"index, follow, max-snippet:-1, max-image-preview:large, max-video-preview:-1\" \/>\n<link rel=\"canonical\" href=\"https:\/\/www.castillodelamota.es\/fr\/cookies\/\" \/>\n<meta property=\"og:locale\" content=\"fr_FR\" \/>\n<meta property=\"og:type\" content=\"article\" \/>\n<meta property=\"og:title\" content=\"Cookies - Castillo de la Mota\" \/>\n<meta property=\"og:url\" content=\"https:\/\/www.castillodelamota.es\/fr\/cookies\/\" \/>\n<meta property=\"og:site_name\" content=\"Castillo de la Mota\" \/>\n<meta property=\"article:modified_time\" content=\"2020-07-29T10:35:41+00:00\" \/>\n<meta name=\"twitter:card\" content=\"summary_large_image\" \/>\n<meta name=\"twitter:label1\" content=\"Dur\u00e9e de lecture estim\u00e9e\" \/>\n\t<meta name=\"twitter:data1\" content=\"9 minutes\" \/>\n<script type=\"application\/ld+json\" class=\"yoast-schema-graph\">{\"@context\":\"https:\\\/\\\/schema.org\",\"@graph\":[{\"@type\":\"WebPage\",\"@id\":\"https:\\\/\\\/www.castillodelamota.es\\\/fr\\\/cookies\\\/\",\"url\":\"https:\\\/\\\/www.castillodelamota.es\\\/fr\\\/cookies\\\/\",\"name\":\"Cookies - Castillo de la Mota\",\"isPartOf\":{\"@id\":\"https:\\\/\\\/www.castillodelamota.es\\\/#website\"},\"datePublished\":\"2020-07-29T10:35:40+00:00\",\"dateModified\":\"2020-07-29T10:35:41+00:00\",\"breadcrumb\":{\"@id\":\"https:\\\/\\\/www.castillodelamota.es\\\/fr\\\/cookies\\\/#breadcrumb\"},\"inLanguage\":\"fr-FR\",\"potentialAction\":[{\"@type\":\"ReadAction\",\"target\":[\"https:\\\/\\\/www.castillodelamota.es\\\/fr\\\/cookies\\\/\"]}]},{\"@type\":\"BreadcrumbList\",\"@id\":\"https:\\\/\\\/www.castillodelamota.es\\\/fr\\\/cookies\\\/#breadcrumb\",\"itemListElement\":[{\"@type\":\"ListItem\",\"position\":1,\"name\":\"Portada\",\"item\":\"https:\\\/\\\/www.castillodelamota.es\\\/fr\\\/\"},{\"@type\":\"ListItem\",\"position\":2,\"name\":\"Cookies\"}]},{\"@type\":\"WebSite\",\"@id\":\"https:\\\/\\\/www.castillodelamota.es\\\/#website\",\"url\":\"https:\\\/\\\/www.castillodelamota.es\\\/\",\"name\":\"Castillo de la Mota\",\"description\":\"Castillo en Medina del Campo\",\"potentialAction\":[{\"@type\":\"SearchAction\",\"target\":{\"@type\":\"EntryPoint\",\"urlTemplate\":\"https:\\\/\\\/www.castillodelamota.es\\\/?s={search_term_string}\"},\"query-input\":{\"@type\":\"PropertyValueSpecification\",\"valueRequired\":true,\"valueName\":\"search_term_string\"}}],\"inLanguage\":\"fr-FR\"}]}<\/script>\n<!-- \/ Yoast SEO plugin. -->","yoast_head_json":{"title":"Cookies - Castillo de la Mota","robots":{"index":"index","follow":"follow","max-snippet":"max-snippet:-1","max-image-preview":"max-image-preview:large","max-video-preview":"max-video-preview:-1"},"canonical":"https:\/\/www.castillodelamota.es\/fr\/cookies\/","og_locale":"fr_FR","og_type":"article","og_title":"Cookies - Castillo de la Mota","og_url":"https:\/\/www.castillodelamota.es\/fr\/cookies\/","og_site_name":"Castillo de la Mota","article_modified_time":"2020-07-29T10:35:41+00:00","twitter_card":"summary_large_image","twitter_misc":{"Dur\u00e9e de lecture estim\u00e9e":"9 minutes"},"schema":{"@context":"https:\/\/schema.org","@graph":[{"@type":"WebPage","@id":"https:\/\/www.castillodelamota.es\/fr\/cookies\/","url":"https:\/\/www.castillodelamota.es\/fr\/cookies\/","name":"Cookies - Castillo de la Mota","isPartOf":{"@id":"https:\/\/www.castillodelamota.es\/#website"},"datePublished":"2020-07-29T10:35:40+00:00","dateModified":"2020-07-29T10:35:41+00:00","breadcrumb":{"@id":"https:\/\/www.castillodelamota.es\/fr\/cookies\/#breadcrumb"},"inLanguage":"fr-FR","potentialAction":[{"@type":"ReadAction","target":["https:\/\/www.castillodelamota.es\/fr\/cookies\/"]}]},{"@type":"BreadcrumbList","@id":"https:\/\/www.castillodelamota.es\/fr\/cookies\/#breadcrumb","itemListElement":[{"@type":"ListItem","position":1,"name":"Portada","item":"https:\/\/www.castillodelamota.es\/fr\/"},{"@type":"ListItem","position":2,"name":"Cookies"}]},{"@type":"WebSite","@id":"https:\/\/www.castillodelamota.es\/#website","url":"https:\/\/www.castillodelamota.es\/","name":"Castillo de la Mota","description":"Castillo en Medina del Campo","potentialAction":[{"@type":"SearchAction","target":{"@type":"EntryPoint","urlTemplate":"https:\/\/www.castillodelamota.es\/?s={search_term_string}"},"query-input":{"@type":"PropertyValueSpecification","valueRequired":true,"valueName":"search_term_string"}}],"inLanguage":"fr-FR"}]}},"_links":{"self":[{"href":"https:\/\/www.castillodelamota.es\/fr\/wp-json\/wp\/v2\/pages\/2345","targetHints":{"allow":["GET"]}}],"collection":[{"href":"https:\/\/www.castillodelamota.es\/fr\/wp-json\/wp\/v2\/pages"}],"about":[{"href":"https:\/\/www.castillodelamota.es\/fr\/wp-json\/wp\/v2\/types\/page"}],"author":[{"embeddable":true,"href":"https:\/\/www.castillodelamota.es\/fr\/wp-json\/wp\/v2\/users\/1"}],"replies":[{"embeddable":true,"href":"https:\/\/www.castillodelamota.es\/fr\/wp-json\/wp\/v2\/comments?post=2345"}],"version-history":[{"count":2,"href":"https:\/\/www.castillodelamota.es\/fr\/wp-json\/wp\/v2\/pages\/2345\/revisions"}],"predecessor-version":[{"id":2347,"href":"https:\/\/www.castillodelamota.es\/fr\/wp-json\/wp\/v2\/pages\/2345\/revisions\/2347"}],"wp:attachment":[{"href":"https:\/\/www.castillodelamota.es\/fr\/wp-json\/wp\/v2\/media?parent=2345"}],"curies":[{"name":"wp","href":"https:\/\/api.w.org\/{rel}","templated":true}]}}