{"id":2294,"date":"2020-07-28T19:43:50","date_gmt":"2020-07-28T17:43:50","guid":{"rendered":"https:\/\/www.castillodelamota.es\/telechargements\/"},"modified":"2020-07-28T19:43:50","modified_gmt":"2020-07-28T17:43:50","slug":"telechargements","status":"publish","type":"page","link":"https:\/\/www.castillodelamota.es\/fr\/telechargements\/","title":{"rendered":"T\u00e9l\u00e9chargements"},"content":{"rendered":"<p>[et_pb_section fb_built=&#8221;1&#8243; fullwidth=&#8221;on&#8221; _builder_version=&#8221;4.3.2&#8243;][et_pb_fullwidth_code _builder_version=&#8221;4.3.2&#8243;]\n\t\t\t<!-- START telechargements REVOLUTION SLIDER 6.6.14 --><p class=\"rs-p-wp-fix\"><\/p>\n\t\t\t<rs-module-wrap id=\"rev_slider_35_1_wrapper\" data-source=\"gallery\" style=\"visibility:hidden;background:transparent;padding:0;margin:0px auto;margin-top:0;margin-bottom:0;\">\n\t\t\t\t<rs-module id=\"rev_slider_35_1\" style=\"\" data-version=\"6.6.14\">\n\t\t\t\t\t<rs-slides style=\"overflow: hidden; position: absolute;\">\n\t\t\t\t\t\t<rs-slide style=\"position: absolute;\" data-key=\"rs-38\" data-title=\"Slide\" data-anim=\"adpr:false;\">\n\t\t\t\t\t\t\t<img decoding=\"async\" src=\"\/\/www.castillodelamota.es\/wp-content\/plugins\/revslider\/public\/assets\/assets\/dummy.png\" alt=\"\" title=\"T\u00e9l\u00e9chargements\" class=\"rev-slidebg tp-rs-img rs-lazyload\" data-lazyload=\"\/\/www.castillodelamota.es\/wp-content\/uploads\/2020\/06\/cabecera_descargas.jpg\" data-no-retina>\n<!--\n\t\t\t\t\t\t\t--><rs-layer\n\t\t\t\t\t\t\t\tid=\"slider-35-slide-38-layer-1\" \n\t\t\t\t\t\t\t\tdata-type=\"text\"\n\t\t\t\t\t\t\t\tdata-color=\"#ffffff\"\n\t\t\t\t\t\t\t\tdata-rsp_ch=\"on\"\n\t\t\t\t\t\t\t\tdata-xy=\"x:1257px;y:34px;\"\n\t\t\t\t\t\t\t\tdata-text=\"s:45;l:80;a:inherit;\"\n\t\t\t\t\t\t\t\tdata-vbility=\"t,t,t,f\"\n\t\t\t\t\t\t\t\tdata-frame_0=\"x:right;o:1;tp:600;\"\n\t\t\t\t\t\t\t\tdata-frame_1=\"tp:600;e:power3.out;sp:1500;sR:10;\"\n\t\t\t\t\t\t\t\tdata-frame_999=\"o:0;tp:600;st:w;sR:7490;\"\n\t\t\t\t\t\t\t\tstyle=\"z-index:5;font-family:'Eagle Lake';\"\n\t\t\t\t\t\t\t>T\u00c9L\u00c9CHARGEMENTS \n\t\t\t\t\t\t\t<\/rs-layer><!--\n\n\t\t\t\t\t\t\t--><rs-layer\n\t\t\t\t\t\t\t\tid=\"slider-35-slide-38-layer-3\" \n\t\t\t\t\t\t\t\tdata-type=\"text\"\n\t\t\t\t\t\t\t\tdata-color=\"#ffffff\"\n\t\t\t\t\t\t\t\tdata-rsp_ch=\"on\"\n\t\t\t\t\t\t\t\tdata-xy=\"x:c;y:c;\"\n\t\t\t\t\t\t\t\tdata-text=\"s:100;l:22;a:inherit;\"\n\t\t\t\t\t\t\t\tdata-dim=\"w:999px;h:77px;\"\n\t\t\t\t\t\t\t\tdata-vbility=\"f,f,f,t\"\n\t\t\t\t\t\t\t\tdata-frame_0=\"tp:600;\"\n\t\t\t\t\t\t\t\tdata-frame_1=\"tp:600;st:0;\"\n\t\t\t\t\t\t\t\tdata-frame_999=\"o:0;tp:600;st:w;sR:8700;\"\n\t\t\t\t\t\t\t\tstyle=\"z-index:6;font-family:'Eagle Lake';\"\n\t\t\t\t\t\t\t>T\u00c9L\u00c9CHARGEMENTS \n\t\t\t\t\t\t\t<\/rs-layer><!--\n-->\t\t\t\t\t\t<\/rs-slide>\n\t\t\t\t\t<\/rs-slides>\n\t\t\t\t<\/rs-module>\n\t\t\t\t<script>\n\t\t\t\t\tsetREVStartSize({c: 'rev_slider_35_1',rl:[1240,1024,778,480],el:[],gw:[2000],gh:[425],type:'hero',justify:'',layout:'fullwidth',mh:\"0\"});if (window.RS_MODULES!==undefined && window.RS_MODULES.modules!==undefined && window.RS_MODULES.modules[\"revslider351\"]!==undefined) {window.RS_MODULES.modules[\"revslider351\"].once = false;window.revapi35 = undefined;if (window.RS_MODULES.checkMinimal!==undefined) window.RS_MODULES.checkMinimal()}\n\t\t\t\t<\/script>\n\t\t\t<\/rs-module-wrap>\n\t\t\t<!-- END REVOLUTION SLIDER -->\n[\/et_pb_fullwidth_code][\/et_pb_section][et_pb_section fb_built=&#8221;1&#8243; _builder_version=&#8221;3.22&#8243;][et_pb_row _builder_version=&#8221;3.25&#8243; background_size=&#8221;initial&#8221; background_position=&#8221;top_left&#8221; background_repeat=&#8221;repeat&#8221;][et_pb_column type=&#8221;4_4&#8243; _builder_version=&#8221;3.0.47&#8243; custom_padding=&#8221;|||&#8221; custom_padding__hover=&#8221;|||&#8221;][et_pb_text content_tablet=&#8221;<script>jQuery(document).ready(function(){    jQuery(%22#descargar-idioma%22).click(function(){     \/\/ alert(%22hola%22);       window.open('%22..\/..\/folletos\/folleto_Castillo_' + jQuery(%22#selector-idioma%22).val() +'%22'  , '_blank');     \/\/window.location = %22..\/..\/folletos\/folleto_Castillo_%22 + jQuery(%22#selector-idioma%22).val();    });  });<\/script>  Desde esta p\u00e1gina puedes descargar los folletos resumen tanto del <strong>Castillo de la Mota<\/strong> como del <strong>Palacio Real Testamentario.<\/strong> <\/p>\n<h4 style=%22text-align: center;%22>Haz clic en los enlaces para descargar<\/h4>\n<p style=%22text-align: center;%22><img class=%22wp-image-1133 alignnone size-full%22 src=%22https:\/\/www.castillodelamota.es\/wp-content\/uploads\/2020\/03\/folleto_Castillo_min.jpg%22 alt=%22%22 width=%22300%22 height=%22150%22 \/><\/p>\n<p style=%22text-align: center;%22  id=%22descargar-idioma%22><a href=%22#%22><strong>Castillo de la Mota<\/strong><\/a><\/p>\n<div center=%22%22 style=%22text-align: center;%22><select id=%22selector-idioma%22 class=%22%22 name=%22selector%22><option value=%22sp.pdf%22>Espa\u00f1ol<\/option><option value=%22en.pdf%22>English<\/option><option value=%22fr.pdf%22>Fran\u00e7aise<\/option><option value=%22de.pdf%22>Deutsch<\/option><option value=%22it.pdf%22>Italiano<\/option><option value=%22po.pdf%22>Portugu\u00e9s<\/option><\/select><\/div>\n<p style=%22text-align: center;%22><img class=%22wp-image-1134 alignnone size-full%22 src=%22https:\/\/www.castillodelamota.es\/wp-content\/uploads\/2020\/03\/folleto_Palacio_min.jpg%22 alt=%22%22 width=%22300%22 height=%22150%22 \/><\/p>\n<p style=%22text-align: center;%22><strong><a href=%22..\/..\/folletos\/folleto_Palacio_sp.pdf%22 download=%22Folleto Palacio%22>Palacio Real Testamentario<\/a><\/strong><\/p>\n<p>  Haciendo clic en el siguiente enlace puedes acceder al <a href=%22http:\/\/www.medinadelcampo.es\/descargas%22>\u00e1rea de descargas del Ayuntamiento de Medina del Campo<\/a>&#8221; content_phone=&#8221;<script>jQuery(document).ready(function(){    jQuery(%22#descargar-idioma%22).click(function(){     \/\/ alert(%22hola%22);       window.open('%22..\/..\/folletos\/folleto_Castillo_' + jQuery(%22#selector-idioma%22).val() +'%22'  , '_blank');     \/\/window.location = %22..\/..\/folletos\/folleto_Castillo_%22 + jQuery(%22#selector-idioma%22).val();    });  });<\/script>  Desde esta p\u00e1gina puedes descargar los folletos resumen tanto del <strong>Castillo de la Mota<\/strong> como del <strong>Palacio Real Testamentario.<\/strong> <\/p>\n<h4 style=%22text-align: center;%22>Haz clic en los enlaces para descargar<\/h4>\n<p style=%22text-align: center;%22><img class=%22wp-image-1133 alignnone size-full%22 src=%22https:\/\/www.castillodelamota.es\/wp-content\/uploads\/2020\/03\/folleto_Castillo_min.jpg%22 alt=%22%22 width=%22300%22 height=%22150%22 \/><\/p>\n<p style=%22text-align: center;%22  id=%22descargar-idioma%22><a href=%22#%22><strong>Castillo de la Mota<\/strong><\/a><\/p>\n<div center=%22%22 style=%22text-align: center;%22><select id=%22selector-idioma%22 class=%22%22 name=%22selector%22><option value=%22sp.pdf%22>Espa\u00f1ol<\/option><option value=%22en.pdf%22>English<\/option><option value=%22fr.pdf%22>Fran\u00e7aise<\/option><option value=%22de.pdf%22>Deutsch<\/option><option value=%22it.pdf%22>Italiano<\/option><option value=%22po.pdf%22>Portugu\u00e9s<\/option><\/select><\/div>\n<p style=%22text-align: center;%22><img class=%22wp-image-1134 alignnone size-full%22 src=%22https:\/\/www.castillodelamota.es\/wp-content\/uploads\/2020\/03\/folleto_Palacio_min.jpg%22 alt=%22%22 width=%22300%22 height=%22150%22 \/><\/p>\n<p style=%22text-align: center;%22><strong><a href=%22..\/..\/folletos\/folleto_Palacio_sp.pdf%22 download=%22Folleto Palacio%22>Palacio Real Testamentario<\/a><\/strong><\/p>\n<p>  Haciendo clic en el siguiente enlace puedes acceder al <a href=%22http:\/\/www.medinadelcampo.es\/descargas%22>\u00e1rea de descargas del Ayuntamiento de Medina del Campo<\/a>&#8221; content_last_edited=&#8221;off|desktop&#8221; _builder_version=&#8221;4.4.8&#8243; vertical_offset_tablet=&#8221;0&#8243; horizontal_offset_tablet=&#8221;0&#8243; hover_enabled=&#8221;0&#8243; z_index_tablet=&#8221;500&#8243; text_text_shadow_horizontal_length_tablet=&#8221;0px&#8221; text_text_shadow_vertical_length_tablet=&#8221;0px&#8221; text_text_shadow_blur_strength_tablet=&#8221;1px&#8221; link_text_shadow_horizontal_length_tablet=&#8221;0px&#8221; link_text_shadow_vertical_length_tablet=&#8221;0px&#8221; link_text_shadow_blur_strength_tablet=&#8221;1px&#8221; ul_text_shadow_horizontal_length_tablet=&#8221;0px&#8221; ul_text_shadow_vertical_length_tablet=&#8221;0px&#8221; ul_text_shadow_blur_strength_tablet=&#8221;1px&#8221; ol_text_shadow_horizontal_length_tablet=&#8221;0px&#8221; ol_text_shadow_vertical_length_tablet=&#8221;0px&#8221; ol_text_shadow_blur_strength_tablet=&#8221;1px&#8221; quote_text_shadow_horizontal_length_tablet=&#8221;0px&#8221; quote_text_shadow_vertical_length_tablet=&#8221;0px&#8221; quote_text_shadow_blur_strength_tablet=&#8221;1px&#8221; header_text_shadow_horizontal_length_tablet=&#8221;0px&#8221; header_text_shadow_vertical_length_tablet=&#8221;0px&#8221; header_text_shadow_blur_strength_tablet=&#8221;1px&#8221; header_2_text_shadow_horizontal_length_tablet=&#8221;0px&#8221; header_2_text_shadow_vertical_length_tablet=&#8221;0px&#8221; header_2_text_shadow_blur_strength_tablet=&#8221;1px&#8221; header_3_text_shadow_horizontal_length_tablet=&#8221;0px&#8221; header_3_text_shadow_vertical_length_tablet=&#8221;0px&#8221; header_3_text_shadow_blur_strength_tablet=&#8221;1px&#8221; header_4_text_shadow_horizontal_length_tablet=&#8221;0px&#8221; header_4_text_shadow_vertical_length_tablet=&#8221;0px&#8221; header_4_text_shadow_blur_strength_tablet=&#8221;1px&#8221; header_5_text_shadow_horizontal_length_tablet=&#8221;0px&#8221; header_5_text_shadow_vertical_length_tablet=&#8221;0px&#8221; header_5_text_shadow_blur_strength_tablet=&#8221;1px&#8221; header_6_text_shadow_horizontal_length_tablet=&#8221;0px&#8221; header_6_text_shadow_vertical_length_tablet=&#8221;0px&#8221; header_6_text_shadow_blur_strength_tablet=&#8221;1px&#8221; box_shadow_horizontal_tablet=&#8221;0px&#8221; box_shadow_vertical_tablet=&#8221;0px&#8221; box_shadow_blur_tablet=&#8221;40px&#8221; box_shadow_spread_tablet=&#8221;0px&#8221;]<script>\njQuery(document).ready(function(){\n    jQuery(\"#descargar-idioma\").click(function(){\n     \/\/ alert(\"hola\");\n       window.open('\/folletos\/folleto_Castillo_' + jQuery(\"#selector-idioma\").val()  , '_blank');\n     \/\/window.location = \"\/folletos\/folleto_Castillo_\" + jQuery(\"#selector-idioma\").val();\n    });\n  });\n<\/script><br \/>\nDepuis cette page, vous pouvez t\u00e9l\u00e9charger les brochures r\u00e9capitulatives du <strong>Castillo de la Mota<\/strong> et du Palais Testamentarie Royal.<\/p>\n<p>&nbsp;<\/p>\n<h4 style=\"text-align: center;\">Cliquez sur les liens de t\u00e9l\u00e9chargement<\/h4>\n<p>&nbsp;<\/p>\n<p style=\"text-align: center;\"><img loading=\"lazy\" decoding=\"async\" class=\"wp-image-1133 alignnone size-full\" src=\"https:\/\/www.castillodelamota.es\/wp-content\/uploads\/2020\/03\/folleto_Castillo_min.jpg\" alt=\"\" width=\"300\" height=\"150\" \/><\/p>\n<p id=\"descargar-idioma\" style=\"text-align: center;\"><a href=\"#\"><strong>Castillo de la Mota<\/strong><\/a><\/p>\n<div style=\"text-align: center;\"><select id=\"selector-idioma\" class=\"\" name=\"selector\"><option value=\"sp.pdf\">Espa\u00f1ol<\/option><option value=\"en.pdf\">English<\/option><option value=\"fr.pdf\">Fran\u00e7aise<\/option><option value=\"de.pdf\">Deutsch<\/option><option value=\"it.pdf\">Italiano<\/option><option value=\"po.pdf\">Portugu\u00e9s<\/option><\/select><\/div>\n<p>&nbsp;<\/p>\n<p style=\"text-align: center;\"><img loading=\"lazy\" decoding=\"async\" class=\"wp-image-1134 alignnone size-full\" src=\"https:\/\/www.castillodelamota.es\/wp-content\/uploads\/2020\/03\/folleto_Palacio_min.jpg\" alt=\"\" width=\"300\" height=\"150\" \/><\/p>\n<p style=\"text-align: center;\"><strong><a href=\"..\/..\/folletos\/folleto_Palacio_sp.pdf\" download=\"Folleto Palacio\">Palais Testamentarie Royal<\/a><\/strong><\/p>\n<p>&nbsp;<\/p>\n<p>&nbsp;<\/p>\n<p>En cliquant sur le lien suivant, vous pouvez acc\u00e9der \u00e0 la <a href=\"http:\/\/www.medinadelcampo.es\/descargas\">zone de t\u00e9l\u00e9chargement du \u00a0Ayuntamiento de Medina del Campo<\/a>[\/et_pb_text][\/et_pb_column][\/et_pb_row][\/et_pb_section]<\/p>\n","protected":false},"excerpt":{"rendered":"<p>\n\t\t\t<!-- START telechargements REVOLUTION SLIDER 6.6.14 --><p class=\"rs-p-wp-fix\"><\/p>\n\t\t\t<rs-module-wrap id=\"rev_slider_35_2_wrapper\" data-source=\"gallery\" style=\"visibility:hidden;background:transparent;padding:0;margin:0px auto;margin-top:0;margin-bottom:0;\">\n\t\t\t\t<rs-module id=\"rev_slider_35_2\" style=\"\" data-version=\"6.6.14\">\n\t\t\t\t\t<rs-slides style=\"overflow: hidden; position: absolute;\">\n\t\t\t\t\t\t<rs-slide style=\"position: absolute;\" data-key=\"rs-38\" data-title=\"Slide\" data-anim=\"adpr:false;\">\n\t\t\t\t\t\t\t<img decoding=\"async\" src=\"\/\/www.castillodelamota.es\/wp-content\/plugins\/revslider\/public\/assets\/assets\/dummy.png\" alt=\"\" title=\"Tema por defecto\" class=\"rev-slidebg tp-rs-img rs-lazyload\" data-lazyload=\"\/\/www.castillodelamota.es\/wp-content\/uploads\/2020\/06\/cabecera_descargas.jpg\" data-no-retina>\n<!--\n\t\t\t\t\t\t\t--><rs-layer\n\t\t\t\t\t\t\t\tid=\"slider-35-slide-38-layer-1\" \n\t\t\t\t\t\t\t\tdata-type=\"text\"\n\t\t\t\t\t\t\t\tdata-color=\"#ffffff\"\n\t\t\t\t\t\t\t\tdata-rsp_ch=\"on\"\n\t\t\t\t\t\t\t\tdata-xy=\"x:1257px;y:34px;\"\n\t\t\t\t\t\t\t\tdata-text=\"s:45;l:80;a:inherit;\"\n\t\t\t\t\t\t\t\tdata-vbility=\"t,t,t,f\"\n\t\t\t\t\t\t\t\tdata-frame_0=\"x:right;o:1;tp:600;\"\n\t\t\t\t\t\t\t\tdata-frame_1=\"tp:600;e:power3.out;sp:1500;sR:10;\"\n\t\t\t\t\t\t\t\tdata-frame_999=\"o:0;tp:600;st:w;sR:7490;\"\n\t\t\t\t\t\t\t\tstyle=\"z-index:5;font-family:'Eagle Lake';\"\n\t\t\t\t\t\t\t>T\u00c9L\u00c9CHARGEMENTS \n\t\t\t\t\t\t\t<\/rs-layer><!--\n\n\t\t\t\t\t\t\t--><rs-layer\n\t\t\t\t\t\t\t\tid=\"slider-35-slide-38-layer-3\" \n\t\t\t\t\t\t\t\tdata-type=\"text\"\n\t\t\t\t\t\t\t\tdata-color=\"#ffffff\"\n\t\t\t\t\t\t\t\tdata-rsp_ch=\"on\"\n\t\t\t\t\t\t\t\tdata-xy=\"x:c;y:c;\"\n\t\t\t\t\t\t\t\tdata-text=\"s:100;l:22;a:inherit;\"\n\t\t\t\t\t\t\t\tdata-dim=\"w:999px;h:77px;\"\n\t\t\t\t\t\t\t\tdata-vbility=\"f,f,f,t\"\n\t\t\t\t\t\t\t\tdata-frame_0=\"tp:600;\"\n\t\t\t\t\t\t\t\tdata-frame_1=\"tp:600;st:0;\"\n\t\t\t\t\t\t\t\tdata-frame_999=\"o:0;tp:600;st:w;sR:8700;\"\n\t\t\t\t\t\t\t\tstyle=\"z-index:6;font-family:'Eagle Lake';\"\n\t\t\t\t\t\t\t>T\u00c9L\u00c9CHARGEMENTS \n\t\t\t\t\t\t\t<\/rs-layer><!--\n-->\t\t\t\t\t\t<\/rs-slide>\n\t\t\t\t\t<\/rs-slides>\n\t\t\t\t<\/rs-module>\n\t\t\t\t<script>\n\t\t\t\t\tsetREVStartSize({c: 'rev_slider_35_2',rl:[1240,1024,778,480],el:[],gw:[2000],gh:[425],type:'hero',justify:'',layout:'fullwidth',mh:\"0\"});if (window.RS_MODULES!==undefined && window.RS_MODULES.modules!==undefined && window.RS_MODULES.modules[\"revslider352\"]!==undefined) {window.RS_MODULES.modules[\"revslider352\"].once = false;window.revapi35_2 = undefined;if (window.RS_MODULES.checkMinimal!==undefined) window.RS_MODULES.checkMinimal()}\n\t\t\t\t<\/script>\n\t\t\t<\/rs-module-wrap>\n\t\t\t<!-- END REVOLUTION SLIDER -->\n Depuis cette page, vous pouvez t\u00e9l\u00e9charger les brochures r\u00e9capitulatives du Castillo de la Mota et du Palais Testamentarie Royal. &nbsp; Cliquez sur les liens de t\u00e9l\u00e9chargement &nbsp; Castillo de la Mota Espa\u00f1ol English Fran\u00e7aise Deutsch Italiano Portugu\u00e9s &nbsp; Palais Testamentarie Royal &nbsp; &nbsp; En cliquant sur le lien suivant, vous pouvez acc\u00e9der \u00e0 [&hellip;]<\/p>\n","protected":false},"author":1,"featured_media":0,"parent":0,"menu_order":0,"comment_status":"closed","ping_status":"closed","template":"","meta":{"_et_pb_use_builder":"on","_et_pb_old_content":"","_et_gb_content_width":"","inline_featured_image":false,"_monsterinsights_skip_tracking":false,"_monsterinsights_sitenote_active":false,"_monsterinsights_sitenote_note":"","_monsterinsights_sitenote_category":0,"footnotes":""},"class_list":["post-2294","page","type-page","status-publish","hentry"],"yoast_head":"<!-- This site is optimized with the Yoast SEO plugin v27.4 - https:\/\/yoast.com\/product\/yoast-seo-wordpress\/ -->\n<title>T\u00e9l\u00e9chargements - Castillo de la Mota<\/title>\n<meta name=\"robots\" content=\"index, follow, max-snippet:-1, max-image-preview:large, max-video-preview:-1\" \/>\n<link rel=\"canonical\" href=\"https:\/\/www.castillodelamota.es\/fr\/telechargements\/\" \/>\n<meta property=\"og:locale\" content=\"fr_FR\" \/>\n<meta property=\"og:type\" content=\"article\" \/>\n<meta property=\"og:title\" content=\"T\u00e9l\u00e9chargements - Castillo de la Mota\" \/>\n<meta property=\"og:url\" content=\"https:\/\/www.castillodelamota.es\/fr\/telechargements\/\" \/>\n<meta property=\"og:site_name\" content=\"Castillo de la Mota\" \/>\n<meta property=\"og:image\" content=\"https:\/\/www.castillodelamota.es\/wp-content\/uploads\/2020\/03\/folleto_Castillo_min.jpg\" \/>\n<meta name=\"twitter:card\" content=\"summary_large_image\" \/>\n<meta name=\"twitter:label1\" content=\"Dur\u00e9e de lecture estim\u00e9e\" \/>\n\t<meta name=\"twitter:data1\" content=\"3 minutes\" \/>\n<script type=\"application\/ld+json\" class=\"yoast-schema-graph\">{\"@context\":\"https:\\\/\\\/schema.org\",\"@graph\":[{\"@type\":\"WebPage\",\"@id\":\"https:\\\/\\\/www.castillodelamota.es\\\/fr\\\/telechargements\\\/\",\"url\":\"https:\\\/\\\/www.castillodelamota.es\\\/fr\\\/telechargements\\\/\",\"name\":\"T\u00e9l\u00e9chargements - Castillo de la Mota\",\"isPartOf\":{\"@id\":\"https:\\\/\\\/www.castillodelamota.es\\\/#website\"},\"primaryImageOfPage\":{\"@id\":\"https:\\\/\\\/www.castillodelamota.es\\\/fr\\\/telechargements\\\/#primaryimage\"},\"image\":{\"@id\":\"https:\\\/\\\/www.castillodelamota.es\\\/fr\\\/telechargements\\\/#primaryimage\"},\"thumbnailUrl\":\"https:\\\/\\\/www.castillodelamota.es\\\/wp-content\\\/uploads\\\/2020\\\/03\\\/folleto_Castillo_min.jpg\",\"datePublished\":\"2020-07-28T17:43:50+00:00\",\"breadcrumb\":{\"@id\":\"https:\\\/\\\/www.castillodelamota.es\\\/fr\\\/telechargements\\\/#breadcrumb\"},\"inLanguage\":\"fr-FR\",\"potentialAction\":[{\"@type\":\"ReadAction\",\"target\":[\"https:\\\/\\\/www.castillodelamota.es\\\/fr\\\/telechargements\\\/\"]}]},{\"@type\":\"ImageObject\",\"inLanguage\":\"fr-FR\",\"@id\":\"https:\\\/\\\/www.castillodelamota.es\\\/fr\\\/telechargements\\\/#primaryimage\",\"url\":\"https:\\\/\\\/www.castillodelamota.es\\\/wp-content\\\/uploads\\\/2020\\\/03\\\/folleto_Castillo_min.jpg\",\"contentUrl\":\"https:\\\/\\\/www.castillodelamota.es\\\/wp-content\\\/uploads\\\/2020\\\/03\\\/folleto_Castillo_min.jpg\"},{\"@type\":\"BreadcrumbList\",\"@id\":\"https:\\\/\\\/www.castillodelamota.es\\\/fr\\\/telechargements\\\/#breadcrumb\",\"itemListElement\":[{\"@type\":\"ListItem\",\"position\":1,\"name\":\"Portada\",\"item\":\"https:\\\/\\\/www.castillodelamota.es\\\/fr\\\/\"},{\"@type\":\"ListItem\",\"position\":2,\"name\":\"T\u00e9l\u00e9chargements\"}]},{\"@type\":\"WebSite\",\"@id\":\"https:\\\/\\\/www.castillodelamota.es\\\/#website\",\"url\":\"https:\\\/\\\/www.castillodelamota.es\\\/\",\"name\":\"Castillo de la Mota\",\"description\":\"Castillo en Medina del Campo\",\"potentialAction\":[{\"@type\":\"SearchAction\",\"target\":{\"@type\":\"EntryPoint\",\"urlTemplate\":\"https:\\\/\\\/www.castillodelamota.es\\\/?s={search_term_string}\"},\"query-input\":{\"@type\":\"PropertyValueSpecification\",\"valueRequired\":true,\"valueName\":\"search_term_string\"}}],\"inLanguage\":\"fr-FR\"}]}<\/script>\n<!-- \/ Yoast SEO plugin. -->","yoast_head_json":{"title":"T\u00e9l\u00e9chargements - Castillo de la Mota","robots":{"index":"index","follow":"follow","max-snippet":"max-snippet:-1","max-image-preview":"max-image-preview:large","max-video-preview":"max-video-preview:-1"},"canonical":"https:\/\/www.castillodelamota.es\/fr\/telechargements\/","og_locale":"fr_FR","og_type":"article","og_title":"T\u00e9l\u00e9chargements - Castillo de la Mota","og_url":"https:\/\/www.castillodelamota.es\/fr\/telechargements\/","og_site_name":"Castillo de la Mota","og_image":[{"url":"https:\/\/www.castillodelamota.es\/wp-content\/uploads\/2020\/03\/folleto_Castillo_min.jpg","type":"","width":"","height":""}],"twitter_card":"summary_large_image","twitter_misc":{"Dur\u00e9e de lecture estim\u00e9e":"3 minutes"},"schema":{"@context":"https:\/\/schema.org","@graph":[{"@type":"WebPage","@id":"https:\/\/www.castillodelamota.es\/fr\/telechargements\/","url":"https:\/\/www.castillodelamota.es\/fr\/telechargements\/","name":"T\u00e9l\u00e9chargements - Castillo de la Mota","isPartOf":{"@id":"https:\/\/www.castillodelamota.es\/#website"},"primaryImageOfPage":{"@id":"https:\/\/www.castillodelamota.es\/fr\/telechargements\/#primaryimage"},"image":{"@id":"https:\/\/www.castillodelamota.es\/fr\/telechargements\/#primaryimage"},"thumbnailUrl":"https:\/\/www.castillodelamota.es\/wp-content\/uploads\/2020\/03\/folleto_Castillo_min.jpg","datePublished":"2020-07-28T17:43:50+00:00","breadcrumb":{"@id":"https:\/\/www.castillodelamota.es\/fr\/telechargements\/#breadcrumb"},"inLanguage":"fr-FR","potentialAction":[{"@type":"ReadAction","target":["https:\/\/www.castillodelamota.es\/fr\/telechargements\/"]}]},{"@type":"ImageObject","inLanguage":"fr-FR","@id":"https:\/\/www.castillodelamota.es\/fr\/telechargements\/#primaryimage","url":"https:\/\/www.castillodelamota.es\/wp-content\/uploads\/2020\/03\/folleto_Castillo_min.jpg","contentUrl":"https:\/\/www.castillodelamota.es\/wp-content\/uploads\/2020\/03\/folleto_Castillo_min.jpg"},{"@type":"BreadcrumbList","@id":"https:\/\/www.castillodelamota.es\/fr\/telechargements\/#breadcrumb","itemListElement":[{"@type":"ListItem","position":1,"name":"Portada","item":"https:\/\/www.castillodelamota.es\/fr\/"},{"@type":"ListItem","position":2,"name":"T\u00e9l\u00e9chargements"}]},{"@type":"WebSite","@id":"https:\/\/www.castillodelamota.es\/#website","url":"https:\/\/www.castillodelamota.es\/","name":"Castillo de la Mota","description":"Castillo en Medina del Campo","potentialAction":[{"@type":"SearchAction","target":{"@type":"EntryPoint","urlTemplate":"https:\/\/www.castillodelamota.es\/?s={search_term_string}"},"query-input":{"@type":"PropertyValueSpecification","valueRequired":true,"valueName":"search_term_string"}}],"inLanguage":"fr-FR"}]}},"_links":{"self":[{"href":"https:\/\/www.castillodelamota.es\/fr\/wp-json\/wp\/v2\/pages\/2294","targetHints":{"allow":["GET"]}}],"collection":[{"href":"https:\/\/www.castillodelamota.es\/fr\/wp-json\/wp\/v2\/pages"}],"about":[{"href":"https:\/\/www.castillodelamota.es\/fr\/wp-json\/wp\/v2\/types\/page"}],"author":[{"embeddable":true,"href":"https:\/\/www.castillodelamota.es\/fr\/wp-json\/wp\/v2\/users\/1"}],"replies":[{"embeddable":true,"href":"https:\/\/www.castillodelamota.es\/fr\/wp-json\/wp\/v2\/comments?post=2294"}],"version-history":[{"count":2,"href":"https:\/\/www.castillodelamota.es\/fr\/wp-json\/wp\/v2\/pages\/2294\/revisions"}],"predecessor-version":[{"id":2296,"href":"https:\/\/www.castillodelamota.es\/fr\/wp-json\/wp\/v2\/pages\/2294\/revisions\/2296"}],"wp:attachment":[{"href":"https:\/\/www.castillodelamota.es\/fr\/wp-json\/wp\/v2\/media?parent=2294"}],"curies":[{"name":"wp","href":"https:\/\/api.w.org\/{rel}","templated":true}]}}