{"id":2103,"date":"2020-07-27T21:56:08","date_gmt":"2020-07-27T19:56:08","guid":{"rendered":"https:\/\/www.castillodelamota.es\/viens-nous-rendre-visite\/decouvrez-le-chateau\/"},"modified":"2024-06-12T11:48:41","modified_gmt":"2024-06-12T09:48:41","slug":"decouvrez-le-chateau","status":"publish","type":"page","link":"https:\/\/www.castillodelamota.es\/fr\/viens-nous-rendre-visite\/decouvrez-le-chateau\/","title":{"rendered":"D\u00e9couvrez le Ch\u00e2teau"},"content":{"rendered":"<p>[et_pb_section fb_built=&#8221;1&#8243; fullwidth=&#8221;on&#8221; _builder_version=&#8221;4.16&#8243; global_colors_info=&#8221;{}&#8221;][et_pb_fullwidth_code _builder_version=&#8221;4.16&#8243; global_colors_info=&#8221;{}&#8221;]\n\t\t\t<!-- START decouvrez REVOLUTION SLIDER 6.6.14 --><p class=\"rs-p-wp-fix\"><\/p>\n\t\t\t<rs-module-wrap id=\"rev_slider_28_1_wrapper\" data-source=\"gallery\" style=\"visibility:hidden;background:transparent;padding:0;margin:0px auto;margin-top:0;margin-bottom:0;\">\n\t\t\t\t<rs-module id=\"rev_slider_28_1\" style=\"\" data-version=\"6.6.14\">\n\t\t\t\t\t<rs-slides style=\"overflow: hidden; position: absolute;\">\n\t\t\t\t\t\t<rs-slide style=\"position: absolute;\" data-key=\"rs-31\" data-title=\"Slide\" data-anim=\"adpr:false;\">\n\t\t\t\t\t\t\t<img decoding=\"async\" src=\"\/\/www.castillodelamota.es\/wp-content\/plugins\/revslider\/public\/assets\/assets\/dummy.png\" alt=\"\" title=\"D\u00e9couvrez le Ch\u00e2teau\" class=\"rev-slidebg tp-rs-img rs-lazyload\" data-lazyload=\"\/\/www.castillodelamota.es\/wp-content\/uploads\/2020\/06\/cabecera_descubreelcastillo.jpg\" data-no-retina>\n<!--\n\t\t\t\t\t\t\t--><rs-layer\n\t\t\t\t\t\t\t\tid=\"slider-28-slide-31-layer-1\" \n\t\t\t\t\t\t\t\tdata-type=\"text\"\n\t\t\t\t\t\t\t\tdata-color=\"#ffffff\"\n\t\t\t\t\t\t\t\tdata-rsp_ch=\"on\"\n\t\t\t\t\t\t\t\tdata-xy=\"x:1173px;y:224px;\"\n\t\t\t\t\t\t\t\tdata-text=\"s:45;l:80;a:inherit;\"\n\t\t\t\t\t\t\t\tdata-vbility=\"t,t,t,f\"\n\t\t\t\t\t\t\t\tdata-frame_0=\"x:left;o:1;tp:600;\"\n\t\t\t\t\t\t\t\tdata-frame_1=\"tp:600;e:power3.out;sp:1500;sR:10;\"\n\t\t\t\t\t\t\t\tdata-frame_999=\"o:0;tp:600;st:w;sR:7490;\"\n\t\t\t\t\t\t\t\tstyle=\"z-index:5;font-family:'Eagle Lake';\"\n\t\t\t\t\t\t\t>D\u00c9COUVREZ LE CH\u00c2TEAU \n\t\t\t\t\t\t\t<\/rs-layer><!--\n\n\t\t\t\t\t\t\t--><rs-layer\n\t\t\t\t\t\t\t\tid=\"slider-28-slide-31-layer-3\" \n\t\t\t\t\t\t\t\tdata-type=\"text\"\n\t\t\t\t\t\t\t\tdata-color=\"#ffffff\"\n\t\t\t\t\t\t\t\tdata-rsp_ch=\"on\"\n\t\t\t\t\t\t\t\tdata-xy=\"x:c;xo:1px;y:c;yo:-1px;\"\n\t\t\t\t\t\t\t\tdata-text=\"s:100;l:80;a:inherit;\"\n\t\t\t\t\t\t\t\tdata-vbility=\"f,f,f,t\"\n\t\t\t\t\t\t\t\tdata-frame_0=\"tp:600;\"\n\t\t\t\t\t\t\t\tdata-frame_1=\"tp:600;e:power3.out;sp:1500;sR:10;\"\n\t\t\t\t\t\t\t\tdata-frame_999=\"o:0;tp:600;st:w;sR:7490;\"\n\t\t\t\t\t\t\t\tstyle=\"z-index:6;font-family:'Eagle Lake';\"\n\t\t\t\t\t\t\t>D\u00c9COUVREZ LE CH\u00c2TEAU \n\t\t\t\t\t\t\t<\/rs-layer><!--\n-->\t\t\t\t\t\t<\/rs-slide>\n\t\t\t\t\t<\/rs-slides>\n\t\t\t\t<\/rs-module>\n\t\t\t\t<script>\n\t\t\t\t\tsetREVStartSize({c: 'rev_slider_28_1',rl:[1240,1024,778,480],el:[],gw:[2000],gh:[425],type:'hero',justify:'',layout:'fullwidth',mh:\"0\"});if (window.RS_MODULES!==undefined && window.RS_MODULES.modules!==undefined && window.RS_MODULES.modules[\"revslider281\"]!==undefined) {window.RS_MODULES.modules[\"revslider281\"].once = false;window.revapi28 = undefined;if (window.RS_MODULES.checkMinimal!==undefined) window.RS_MODULES.checkMinimal()}\n\t\t\t\t<\/script>\n\t\t\t<\/rs-module-wrap>\n\t\t\t<!-- END REVOLUTION SLIDER -->\n[\/et_pb_fullwidth_code][\/et_pb_section][et_pb_section fb_built=&#8221;1&#8243; _builder_version=&#8221;4.16&#8243; global_colors_info=&#8221;{}&#8221;][et_pb_row column_structure=&#8221;1_3,1_3,1_3&#8243; make_equal=&#8221;on&#8221; _builder_version=&#8221;4.16&#8243; z_index_tablet=&#8221;500&#8243; box_shadow_horizontal_tablet=&#8221;0px&#8221; box_shadow_vertical_tablet=&#8221;0px&#8221; box_shadow_blur_tablet=&#8221;40px&#8221; box_shadow_spread_tablet=&#8221;0px&#8221; global_colors_info=&#8221;{}&#8221;][et_pb_column type=&#8221;1_3&#8243; _builder_version=&#8221;4.16&#8243; custom_padding=&#8221;|||&#8221; global_colors_info=&#8221;{}&#8221; custom_padding__hover=&#8221;|||&#8221;][et_pb_image src=&#8221;https:\/\/www.castillodelamota.es\/wp-content\/uploads\/2019\/09\/boton.png&#8221; title_text=&#8221;VISITE-GRATUITE&#8221; url=&#8221;#&#8221; module_class=&#8221;popmake-2106&#8243; _builder_version=&#8221;4.16&#8243; background_image=&#8221;https:\/\/www.castillodelamota.es\/wp-content\/uploads\/2020\/07\/VISITE-GRATUITE.jpg&#8221; z_index_tablet=&#8221;500&#8243; box_shadow_horizontal_tablet=&#8221;0px&#8221; box_shadow_vertical_tablet=&#8221;0px&#8221; box_shadow_blur_tablet=&#8221;40px&#8221; box_shadow_spread_tablet=&#8221;0px&#8221; global_colors_info=&#8221;{}&#8221;][\/et_pb_image][\/et_pb_column][et_pb_column type=&#8221;1_3&#8243; _builder_version=&#8221;4.16&#8243; custom_padding=&#8221;|||&#8221; global_colors_info=&#8221;{}&#8221; custom_padding__hover=&#8221;|||&#8221;][et_pb_image src=&#8221;https:\/\/www.castillodelamota.es\/wp-content\/uploads\/2019\/09\/boton.png&#8221; title_text=&#8221;VISITE-GUID\u00c9E-DU-CH\u00c2TEAU&#8221; url=&#8221;#&#8221; module_class=&#8221;popmake-2111&#8243; _builder_version=&#8221;4.16&#8243; background_image=&#8221;https:\/\/www.castillodelamota.es\/wp-content\/uploads\/2020\/07\/VISITE-GUID\u00c9E-DU-CH\u00c2TEAU.jpg&#8221; hover_enabled=&#8221;0&#8243; z_index_tablet=&#8221;500&#8243; box_shadow_horizontal_tablet=&#8221;0px&#8221; box_shadow_vertical_tablet=&#8221;0px&#8221; box_shadow_blur_tablet=&#8221;40px&#8221; box_shadow_spread_tablet=&#8221;0px&#8221; global_colors_info=&#8221;{}&#8221; sticky_enabled=&#8221;0&#8243;][\/et_pb_image][\/et_pb_column][et_pb_column type=&#8221;1_3&#8243; _builder_version=&#8221;4.16&#8243; custom_padding=&#8221;|||&#8221; global_colors_info=&#8221;{}&#8221; custom_padding__hover=&#8221;|||&#8221;][et_pb_image src=&#8221;https:\/\/www.castillodelamota.es\/wp-content\/uploads\/2019\/09\/boton.png&#8221; title_text=&#8221;VISITE-GUID\u00c9E-DE-LA-TOUR&#8221; url=&#8221;#&#8221; module_class=&#8221;popmake-2116&#8243; _builder_version=&#8221;4.16&#8243; background_image=&#8221;https:\/\/www.castillodelamota.es\/wp-content\/uploads\/2020\/07\/VISITE-GUID\u00c9E-DE-LA-TOUR.jpg&#8221; z_index_tablet=&#8221;500&#8243; box_shadow_horizontal_tablet=&#8221;0px&#8221; box_shadow_vertical_tablet=&#8221;0px&#8221; box_shadow_blur_tablet=&#8221;40px&#8221; box_shadow_spread_tablet=&#8221;0px&#8221; global_colors_info=&#8221;{}&#8221;][\/et_pb_image][\/et_pb_column][\/et_pb_row][et_pb_row column_structure=&#8221;1_3,1_3,1_3&#8243; _builder_version=&#8221;4.16&#8243; background_size=&#8221;initial&#8221; background_position=&#8221;top_left&#8221; background_repeat=&#8221;repeat&#8221; global_colors_info=&#8221;{}&#8221;][et_pb_column type=&#8221;1_3&#8243; _builder_version=&#8221;4.16&#8243; custom_padding=&#8221;|||&#8221; global_colors_info=&#8221;{}&#8221; custom_padding__hover=&#8221;|||&#8221;][et_pb_image src=&#8221;https:\/\/www.castillodelamota.es\/wp-content\/uploads\/2019\/09\/boton.png&#8221; title_text=&#8221;VISITE-AVEC-AUDIO-GUIDE&#8221; url=&#8221;#&#8221; module_class=&#8221;popmake-2125&#8243; _builder_version=&#8221;4.16&#8243; background_image=&#8221;https:\/\/www.castillodelamota.es\/wp-content\/uploads\/2020\/07\/VISITE-AVEC-AUDIO-GUIDE.jpg&#8221; z_index_tablet=&#8221;500&#8243; box_shadow_horizontal_tablet=&#8221;0px&#8221; box_shadow_vertical_tablet=&#8221;0px&#8221; box_shadow_blur_tablet=&#8221;40px&#8221; box_shadow_spread_tablet=&#8221;0px&#8221; global_colors_info=&#8221;{}&#8221;][\/et_pb_image][\/et_pb_column][et_pb_column type=&#8221;1_3&#8243; _builder_version=&#8221;4.16&#8243; custom_padding=&#8221;|||&#8221; global_colors_info=&#8221;{}&#8221; custom_padding__hover=&#8221;|||&#8221;][et_pb_image src=&#8221;https:\/\/www.castillodelamota.es\/wp-content\/uploads\/2019\/09\/boton.png&#8221; title_text=&#8221;VISITE-TH\u00c9\u00c2TRALIS\u00c9E&#8221; url=&#8221;#&#8221; admin_label=&#8221;Visita teatralizada&#8221; module_class=&#8221;popmake-2133&#8243; _builder_version=&#8221;4.16&#8243; background_image=&#8221;https:\/\/www.castillodelamota.es\/wp-content\/uploads\/2020\/07\/VISITE-TH\u00c9\u00c2TRALIS\u00c9E.jpg&#8221; z_index_tablet=&#8221;500&#8243; box_shadow_horizontal_tablet=&#8221;0px&#8221; box_shadow_vertical_tablet=&#8221;0px&#8221; box_shadow_blur_tablet=&#8221;40px&#8221; box_shadow_spread_tablet=&#8221;0px&#8221; global_colors_info=&#8221;{}&#8221;][\/et_pb_image][\/et_pb_column][et_pb_column type=&#8221;1_3&#8243; _builder_version=&#8221;4.16&#8243; custom_padding=&#8221;|||&#8221; global_colors_info=&#8221;{}&#8221; custom_padding__hover=&#8221;|||&#8221;][et_pb_image src=&#8221;https:\/\/www.castillodelamota.es\/wp-content\/uploads\/2019\/09\/boton.png&#8221; title_text=&#8221;VISITES-POUR-LES-CENTRES-\u00c9DUCATIFS&#8221; url=&#8221;#&#8221; module_class=&#8221;popmake-2140&#8243; _builder_version=&#8221;4.16&#8243; background_image=&#8221;https:\/\/www.castillodelamota.es\/wp-content\/uploads\/2020\/07\/VISITES-POUR-LES-CENTRES-\u00c9DUCATIFS.jpg&#8221; z_index_tablet=&#8221;500&#8243; box_shadow_horizontal_tablet=&#8221;0px&#8221; box_shadow_vertical_tablet=&#8221;0px&#8221; box_shadow_blur_tablet=&#8221;40px&#8221; box_shadow_spread_tablet=&#8221;0px&#8221; global_colors_info=&#8221;{}&#8221;][\/et_pb_image][\/et_pb_column][\/et_pb_row][\/et_pb_section][et_pb_section fb_built=&#8221;1&#8243; _builder_version=&#8221;4.16&#8243; global_colors_info=&#8221;{}&#8221;][et_pb_row _builder_version=&#8221;4.16&#8243; global_colors_info=&#8221;{}&#8221;][et_pb_column type=&#8221;4_4&#8243; _builder_version=&#8221;4.16&#8243; global_colors_info=&#8221;{}&#8221;][et_pb_text _builder_version=&#8221;4.25.1&#8243; width=&#8221;100%&#8221; hover_enabled=&#8221;0&#8243; global_colors_info=&#8221;{}&#8221; sticky_enabled=&#8221;0&#8243;]<\/p>\n<h2 style=\"text-align: center;\">R\u00c9SUM\u00c9 DES TARIFS<\/h2>\n<h2 style=\"text-align: center;\">\u00a0<img loading=\"lazy\" decoding=\"async\" src=\"https:\/\/www.castillodelamota.es\/wp-content\/uploads\/2024\/06\/FRANCES.png\" width=\"1280\" height=\"720\" alt=\"\" class=\"wp-image-3354 alignnone size-full\" \/><\/h2>\n<ul>\n<li><strong>Tarif sp\u00e9cial :<\/strong> Groupes de plus de 25 personnes, plus de 65 ans, moins de 26 ans, ch\u00f4meurs, membres de familles nombreuses, personnes souffrant d&#8217;un handicap mod\u00e9r\u00e9 ou grave (entre 25 % et 69 %). Pour b\u00e9n\u00e9ficier de ce tarif, vous devez pr\u00e9senter la pi\u00e8ce justificative correspondante.<\/li>\n<li><strong>Tarif r\u00e9duit :<\/strong> Enfants de moins de 18 ans et de moins de 26 ans, membres de familles nombreuses. Pour b\u00e9n\u00e9ficier de ce tarif, il faut pr\u00e9senter la preuve de l&#8217;\u00e9ligibilit\u00e9.<\/li>\n<\/ul>\n<p>*<strong>Acc\u00e8s gratuit<\/strong> aux enfants de moins de 3 ans et personnes souffrant de handicaps tr\u00e8s graves (\u00e0 partir de 70 %).<\/p>\n<p>[\/et_pb_text][\/et_pb_column][\/et_pb_row][\/et_pb_section]<\/p>\n","protected":false},"excerpt":{"rendered":"<p>\n\t\t\t<!-- START decouvrez REVOLUTION SLIDER 6.6.14 --><p class=\"rs-p-wp-fix\"><\/p>\n\t\t\t<rs-module-wrap id=\"rev_slider_28_2_wrapper\" data-source=\"gallery\" style=\"visibility:hidden;background:transparent;padding:0;margin:0px auto;margin-top:0;margin-bottom:0;\">\n\t\t\t\t<rs-module id=\"rev_slider_28_2\" style=\"\" data-version=\"6.6.14\">\n\t\t\t\t\t<rs-slides style=\"overflow: hidden; position: absolute;\">\n\t\t\t\t\t\t<rs-slide style=\"position: absolute;\" data-key=\"rs-31\" data-title=\"Slide\" data-anim=\"adpr:false;\">\n\t\t\t\t\t\t\t<img decoding=\"async\" src=\"\/\/www.castillodelamota.es\/wp-content\/plugins\/revslider\/public\/assets\/assets\/dummy.png\" alt=\"\" title=\"Tema por defecto\" class=\"rev-slidebg tp-rs-img rs-lazyload\" data-lazyload=\"\/\/www.castillodelamota.es\/wp-content\/uploads\/2020\/06\/cabecera_descubreelcastillo.jpg\" data-no-retina>\n<!--\n\t\t\t\t\t\t\t--><rs-layer\n\t\t\t\t\t\t\t\tid=\"slider-28-slide-31-layer-1\" \n\t\t\t\t\t\t\t\tdata-type=\"text\"\n\t\t\t\t\t\t\t\tdata-color=\"#ffffff\"\n\t\t\t\t\t\t\t\tdata-rsp_ch=\"on\"\n\t\t\t\t\t\t\t\tdata-xy=\"x:1173px;y:224px;\"\n\t\t\t\t\t\t\t\tdata-text=\"s:45;l:80;a:inherit;\"\n\t\t\t\t\t\t\t\tdata-vbility=\"t,t,t,f\"\n\t\t\t\t\t\t\t\tdata-frame_0=\"x:left;o:1;tp:600;\"\n\t\t\t\t\t\t\t\tdata-frame_1=\"tp:600;e:power3.out;sp:1500;sR:10;\"\n\t\t\t\t\t\t\t\tdata-frame_999=\"o:0;tp:600;st:w;sR:7490;\"\n\t\t\t\t\t\t\t\tstyle=\"z-index:5;font-family:'Eagle Lake';\"\n\t\t\t\t\t\t\t>D\u00c9COUVREZ LE CH\u00c2TEAU \n\t\t\t\t\t\t\t<\/rs-layer><!--\n\n\t\t\t\t\t\t\t--><rs-layer\n\t\t\t\t\t\t\t\tid=\"slider-28-slide-31-layer-3\" \n\t\t\t\t\t\t\t\tdata-type=\"text\"\n\t\t\t\t\t\t\t\tdata-color=\"#ffffff\"\n\t\t\t\t\t\t\t\tdata-rsp_ch=\"on\"\n\t\t\t\t\t\t\t\tdata-xy=\"x:c;xo:1px;y:c;yo:-1px;\"\n\t\t\t\t\t\t\t\tdata-text=\"s:100;l:80;a:inherit;\"\n\t\t\t\t\t\t\t\tdata-vbility=\"f,f,f,t\"\n\t\t\t\t\t\t\t\tdata-frame_0=\"tp:600;\"\n\t\t\t\t\t\t\t\tdata-frame_1=\"tp:600;e:power3.out;sp:1500;sR:10;\"\n\t\t\t\t\t\t\t\tdata-frame_999=\"o:0;tp:600;st:w;sR:7490;\"\n\t\t\t\t\t\t\t\tstyle=\"z-index:6;font-family:'Eagle Lake';\"\n\t\t\t\t\t\t\t>D\u00c9COUVREZ LE CH\u00c2TEAU \n\t\t\t\t\t\t\t<\/rs-layer><!--\n-->\t\t\t\t\t\t<\/rs-slide>\n\t\t\t\t\t<\/rs-slides>\n\t\t\t\t<\/rs-module>\n\t\t\t\t<script>\n\t\t\t\t\tsetREVStartSize({c: 'rev_slider_28_2',rl:[1240,1024,778,480],el:[],gw:[2000],gh:[425],type:'hero',justify:'',layout:'fullwidth',mh:\"0\"});if (window.RS_MODULES!==undefined && window.RS_MODULES.modules!==undefined && window.RS_MODULES.modules[\"revslider282\"]!==undefined) {window.RS_MODULES.modules[\"revslider282\"].once = false;window.revapi28_2 = undefined;if (window.RS_MODULES.checkMinimal!==undefined) window.RS_MODULES.checkMinimal()}\n\t\t\t\t<\/script>\n\t\t\t<\/rs-module-wrap>\n\t\t\t<!-- END REVOLUTION SLIDER -->\nR\u00c9SUM\u00c9 DES TARIFS \u00a0 Tarif sp\u00e9cial : Groupes de plus de 25 personnes, plus de 65 ans, moins de 26 ans, ch\u00f4meurs, membres de familles nombreuses, personnes souffrant d&#8217;un handicap mod\u00e9r\u00e9 ou grave (entre 25 % et 69 %). Pour b\u00e9n\u00e9ficier de ce tarif, vous devez pr\u00e9senter la pi\u00e8ce justificative correspondante. Tarif r\u00e9duit : [&hellip;]<\/p>\n","protected":false},"author":1,"featured_media":0,"parent":2089,"menu_order":0,"comment_status":"closed","ping_status":"closed","template":"","meta":{"_et_pb_use_builder":"on","_et_pb_old_content":"","_et_gb_content_width":"","inline_featured_image":false,"_monsterinsights_skip_tracking":false,"_monsterinsights_sitenote_active":false,"_monsterinsights_sitenote_note":"","_monsterinsights_sitenote_category":0,"footnotes":""},"class_list":["post-2103","page","type-page","status-publish","hentry"],"yoast_head":"<!-- This site is optimized with the Yoast SEO plugin v27.5 - https:\/\/yoast.com\/product\/yoast-seo-wordpress\/ -->\n<title>D\u00e9couvrez le Ch\u00e2teau - Castillo de la Mota<\/title>\n<meta name=\"robots\" content=\"index, follow, max-snippet:-1, max-image-preview:large, max-video-preview:-1\" \/>\n<link rel=\"canonical\" href=\"https:\/\/www.castillodelamota.es\/ven-a-visitarnos\/descubre-el-castillo\/\" \/>\n<meta property=\"og:locale\" content=\"fr_FR\" \/>\n<meta property=\"og:type\" content=\"article\" \/>\n<meta property=\"og:title\" content=\"D\u00e9couvrez le Ch\u00e2teau - Castillo de la Mota\" \/>\n<meta property=\"og:url\" content=\"https:\/\/www.castillodelamota.es\/ven-a-visitarnos\/descubre-el-castillo\/\" \/>\n<meta property=\"og:site_name\" content=\"Castillo de la Mota\" \/>\n<meta property=\"article:modified_time\" content=\"2024-06-12T09:48:41+00:00\" \/>\n<meta property=\"og:image\" content=\"https:\/\/www.castillodelamota.es\/wp-content\/uploads\/2024\/06\/FRANCES.png\" \/>\n<meta name=\"twitter:card\" content=\"summary_large_image\" \/>\n<meta name=\"twitter:label1\" content=\"Dur\u00e9e de lecture estim\u00e9e\" \/>\n\t<meta name=\"twitter:data1\" content=\"3 minutes\" \/>\n<script type=\"application\/ld+json\" class=\"yoast-schema-graph\">{\"@context\":\"https:\\\/\\\/schema.org\",\"@graph\":[{\"@type\":\"WebPage\",\"@id\":\"https:\\\/\\\/www.castillodelamota.es\\\/ven-a-visitarnos\\\/descubre-el-castillo\\\/\",\"url\":\"https:\\\/\\\/www.castillodelamota.es\\\/ven-a-visitarnos\\\/descubre-el-castillo\\\/\",\"name\":\"D\u00e9couvrez le Ch\u00e2teau - Castillo de la Mota\",\"isPartOf\":{\"@id\":\"https:\\\/\\\/www.castillodelamota.es\\\/#website\"},\"primaryImageOfPage\":{\"@id\":\"https:\\\/\\\/www.castillodelamota.es\\\/ven-a-visitarnos\\\/descubre-el-castillo\\\/#primaryimage\"},\"image\":{\"@id\":\"https:\\\/\\\/www.castillodelamota.es\\\/ven-a-visitarnos\\\/descubre-el-castillo\\\/#primaryimage\"},\"thumbnailUrl\":\"https:\\\/\\\/www.castillodelamota.es\\\/wp-content\\\/uploads\\\/2024\\\/06\\\/FRANCES.png\",\"datePublished\":\"2020-07-27T19:56:08+00:00\",\"dateModified\":\"2024-06-12T09:48:41+00:00\",\"breadcrumb\":{\"@id\":\"https:\\\/\\\/www.castillodelamota.es\\\/ven-a-visitarnos\\\/descubre-el-castillo\\\/#breadcrumb\"},\"inLanguage\":\"fr-FR\",\"potentialAction\":[{\"@type\":\"ReadAction\",\"target\":[\"https:\\\/\\\/www.castillodelamota.es\\\/ven-a-visitarnos\\\/descubre-el-castillo\\\/\"]}]},{\"@type\":\"ImageObject\",\"inLanguage\":\"fr-FR\",\"@id\":\"https:\\\/\\\/www.castillodelamota.es\\\/ven-a-visitarnos\\\/descubre-el-castillo\\\/#primaryimage\",\"url\":\"https:\\\/\\\/www.castillodelamota.es\\\/wp-content\\\/uploads\\\/2024\\\/06\\\/FRANCES.png\",\"contentUrl\":\"https:\\\/\\\/www.castillodelamota.es\\\/wp-content\\\/uploads\\\/2024\\\/06\\\/FRANCES.png\"},{\"@type\":\"BreadcrumbList\",\"@id\":\"https:\\\/\\\/www.castillodelamota.es\\\/ven-a-visitarnos\\\/descubre-el-castillo\\\/#breadcrumb\",\"itemListElement\":[{\"@type\":\"ListItem\",\"position\":1,\"name\":\"Portada\",\"item\":\"https:\\\/\\\/www.castillodelamota.es\\\/fr\\\/\"},{\"@type\":\"ListItem\",\"position\":2,\"name\":\"Viens nous rendre visite\",\"item\":\"https:\\\/\\\/www.castillodelamota.es\\\/fr\\\/viens-nous-rendre-visite\\\/\"},{\"@type\":\"ListItem\",\"position\":3,\"name\":\"D\u00e9couvrez le Ch\u00e2teau\"}]},{\"@type\":\"WebSite\",\"@id\":\"https:\\\/\\\/www.castillodelamota.es\\\/#website\",\"url\":\"https:\\\/\\\/www.castillodelamota.es\\\/\",\"name\":\"Castillo de la Mota\",\"description\":\"Castillo en Medina del Campo\",\"potentialAction\":[{\"@type\":\"SearchAction\",\"target\":{\"@type\":\"EntryPoint\",\"urlTemplate\":\"https:\\\/\\\/www.castillodelamota.es\\\/?s={search_term_string}\"},\"query-input\":{\"@type\":\"PropertyValueSpecification\",\"valueRequired\":true,\"valueName\":\"search_term_string\"}}],\"inLanguage\":\"fr-FR\"}]}<\/script>\n<!-- \/ Yoast SEO plugin. -->","yoast_head_json":{"title":"D\u00e9couvrez le Ch\u00e2teau - Castillo de la Mota","robots":{"index":"index","follow":"follow","max-snippet":"max-snippet:-1","max-image-preview":"max-image-preview:large","max-video-preview":"max-video-preview:-1"},"canonical":"https:\/\/www.castillodelamota.es\/ven-a-visitarnos\/descubre-el-castillo\/","og_locale":"fr_FR","og_type":"article","og_title":"D\u00e9couvrez le Ch\u00e2teau - Castillo de la Mota","og_url":"https:\/\/www.castillodelamota.es\/ven-a-visitarnos\/descubre-el-castillo\/","og_site_name":"Castillo de la Mota","article_modified_time":"2024-06-12T09:48:41+00:00","og_image":[{"url":"https:\/\/www.castillodelamota.es\/wp-content\/uploads\/2024\/06\/FRANCES.png","type":"","width":"","height":""}],"twitter_card":"summary_large_image","twitter_misc":{"Dur\u00e9e de lecture estim\u00e9e":"3 minutes"},"schema":{"@context":"https:\/\/schema.org","@graph":[{"@type":"WebPage","@id":"https:\/\/www.castillodelamota.es\/ven-a-visitarnos\/descubre-el-castillo\/","url":"https:\/\/www.castillodelamota.es\/ven-a-visitarnos\/descubre-el-castillo\/","name":"D\u00e9couvrez le Ch\u00e2teau - Castillo de la Mota","isPartOf":{"@id":"https:\/\/www.castillodelamota.es\/#website"},"primaryImageOfPage":{"@id":"https:\/\/www.castillodelamota.es\/ven-a-visitarnos\/descubre-el-castillo\/#primaryimage"},"image":{"@id":"https:\/\/www.castillodelamota.es\/ven-a-visitarnos\/descubre-el-castillo\/#primaryimage"},"thumbnailUrl":"https:\/\/www.castillodelamota.es\/wp-content\/uploads\/2024\/06\/FRANCES.png","datePublished":"2020-07-27T19:56:08+00:00","dateModified":"2024-06-12T09:48:41+00:00","breadcrumb":{"@id":"https:\/\/www.castillodelamota.es\/ven-a-visitarnos\/descubre-el-castillo\/#breadcrumb"},"inLanguage":"fr-FR","potentialAction":[{"@type":"ReadAction","target":["https:\/\/www.castillodelamota.es\/ven-a-visitarnos\/descubre-el-castillo\/"]}]},{"@type":"ImageObject","inLanguage":"fr-FR","@id":"https:\/\/www.castillodelamota.es\/ven-a-visitarnos\/descubre-el-castillo\/#primaryimage","url":"https:\/\/www.castillodelamota.es\/wp-content\/uploads\/2024\/06\/FRANCES.png","contentUrl":"https:\/\/www.castillodelamota.es\/wp-content\/uploads\/2024\/06\/FRANCES.png"},{"@type":"BreadcrumbList","@id":"https:\/\/www.castillodelamota.es\/ven-a-visitarnos\/descubre-el-castillo\/#breadcrumb","itemListElement":[{"@type":"ListItem","position":1,"name":"Portada","item":"https:\/\/www.castillodelamota.es\/fr\/"},{"@type":"ListItem","position":2,"name":"Viens nous rendre visite","item":"https:\/\/www.castillodelamota.es\/fr\/viens-nous-rendre-visite\/"},{"@type":"ListItem","position":3,"name":"D\u00e9couvrez le Ch\u00e2teau"}]},{"@type":"WebSite","@id":"https:\/\/www.castillodelamota.es\/#website","url":"https:\/\/www.castillodelamota.es\/","name":"Castillo de la Mota","description":"Castillo en Medina del Campo","potentialAction":[{"@type":"SearchAction","target":{"@type":"EntryPoint","urlTemplate":"https:\/\/www.castillodelamota.es\/?s={search_term_string}"},"query-input":{"@type":"PropertyValueSpecification","valueRequired":true,"valueName":"search_term_string"}}],"inLanguage":"fr-FR"}]}},"_links":{"self":[{"href":"https:\/\/www.castillodelamota.es\/fr\/wp-json\/wp\/v2\/pages\/2103","targetHints":{"allow":["GET"]}}],"collection":[{"href":"https:\/\/www.castillodelamota.es\/fr\/wp-json\/wp\/v2\/pages"}],"about":[{"href":"https:\/\/www.castillodelamota.es\/fr\/wp-json\/wp\/v2\/types\/page"}],"author":[{"embeddable":true,"href":"https:\/\/www.castillodelamota.es\/fr\/wp-json\/wp\/v2\/users\/1"}],"replies":[{"embeddable":true,"href":"https:\/\/www.castillodelamota.es\/fr\/wp-json\/wp\/v2\/comments?post=2103"}],"version-history":[{"count":11,"href":"https:\/\/www.castillodelamota.es\/fr\/wp-json\/wp\/v2\/pages\/2103\/revisions"}],"predecessor-version":[{"id":3357,"href":"https:\/\/www.castillodelamota.es\/fr\/wp-json\/wp\/v2\/pages\/2103\/revisions\/3357"}],"up":[{"embeddable":true,"href":"https:\/\/www.castillodelamota.es\/fr\/wp-json\/wp\/v2\/pages\/2089"}],"wp:attachment":[{"href":"https:\/\/www.castillodelamota.es\/fr\/wp-json\/wp\/v2\/media?parent=2103"}],"curies":[{"name":"wp","href":"https:\/\/api.w.org\/{rel}","templated":true}]}}